{"id":65,"date":"2023-10-18T16:35:55","date_gmt":"2023-10-18T16:35:55","guid":{"rendered":"http:\/\/elelfoenlaestanteria.com\/?page_id=65"},"modified":"2023-10-18T16:35:55","modified_gmt":"2023-10-18T16:35:55","slug":"zona-premium","status":"publish","type":"page","link":"https:\/\/elelfodelanavidad.com\/?page_id=65","title":{"rendered":"Zona Premium"},"content":{"rendered":"\n<p>Las ventajas de ser Premium<\/p>\n\n\n\n<p>Tendr\u00e1s acceso a poder personalizar, Descargar tu certificado de Adopci\u00f3n y Carta personalizada para tu Peque o Peques <\/p>\n\n\n\n<p><br>Tendr\u00e1s acceso a un banco de im\u00e1genes con bromas de nuestro querido Elfo, solo para dar te alguna idea.<\/p>\n\n\n\n<p>Podr\u00e1s mandarnos tus im\u00e1genes y siempre con tu permiso las colgaremos en nuestro \u00e1lbum para que las puedan ver tus seres queridos.<\/p>\n\n\n\n<p>Para acceder a la Zona premium, tendr\u00e1s que registrarte mediante un c\u00f3digo QR que llevar\u00e1 tu Elfo cuando lo recibas, seguir las instrucciones y ya ser\u00e1s de nuestro Club <\/p>\n","protected":false},"excerpt":{"rendered":"<p>Las ventajas de ser Premium Tendr\u00e1s acceso a poder personalizar, Descargar tu certificado de Adopci\u00f3n y Carta personalizada para tu Peque o Peques Tendr\u00e1s acceso a un banco de im\u00e1genes con bromas de nuestro querido Elfo, solo para dar te&hellip; <\/p>\n","protected":false},"author":1,"featured_media":0,"parent":0,"menu_order":0,"comment_status":"closed","ping_status":"closed","template":"","meta":{"_monsterinsights_skip_tracking":false,"_monsterinsights_sitenote_active":false,"_monsterinsights_sitenote_note":"","_monsterinsights_sitenote_category":0,"footnotes":""},"class_list":["post-65","page","type-page","status-publish","hentry"],"_links":{"self":[{"href":"https:\/\/elelfodelanavidad.com\/index.php?rest_route=\/wp\/v2\/pages\/65","targetHints":{"allow":["GET"]}}],"collection":[{"href":"https:\/\/elelfodelanavidad.com\/index.php?rest_route=\/wp\/v2\/pages"}],"about":[{"href":"https:\/\/elelfodelanavidad.com\/index.php?rest_route=\/wp\/v2\/types\/page"}],"author":[{"embeddable":true,"href":"https:\/\/elelfodelanavidad.com\/index.php?rest_route=\/wp\/v2\/users\/1"}],"replies":[{"embeddable":true,"href":"https:\/\/elelfodelanavidad.com\/index.php?rest_route=%2Fwp%2Fv2%2Fcomments&post=65"}],"version-history":[{"count":1,"href":"https:\/\/elelfodelanavidad.com\/index.php?rest_route=\/wp\/v2\/pages\/65\/revisions"}],"predecessor-version":[{"id":66,"href":"https:\/\/elelfodelanavidad.com\/index.php?rest_route=\/wp\/v2\/pages\/65\/revisions\/66"}],"wp:attachment":[{"href":"https:\/\/elelfodelanavidad.com\/index.php?rest_route=%2Fwp%2Fv2%2Fmedia&parent=65"}],"curies":[{"name":"wp","href":"https:\/\/api.w.org\/{rel}","templated":true}]}}