{"id":68,"date":"2023-10-18T17:06:17","date_gmt":"2023-10-18T17:06:17","guid":{"rendered":"http:\/\/elelfoenlaestanteria.com\/?page_id=68"},"modified":"2025-09-24T09:15:22","modified_gmt":"2025-09-24T09:15:22","slug":"album-de-imagenes","status":"publish","type":"page","link":"https:\/\/elelfodelanavidad.com\/?page_id=68","title":{"rendered":"\u00c1lbum de Imagenes"},"content":{"rendered":"\n<p>El elfo de la Navidad se est\u00e1 convirtiendo en una nueva tradici\u00f3n navide\u00f1a popular en la que un elfo es adoptado por una familia y se coloca en diferentes lugares de la casa para observar el comportamiento de los ni\u00f1os y reportarlo a Santa Claus. El elfo crea m\u00e1s de alguna situaci\u00f3n divertida, puesto que es un poco bromista y pondr\u00e1 a la familia a prueba m\u00e1s de una vez<\/p>\n\n\n\n<figure class=\"wp-block-gallery has-nested-images columns-default is-cropped wp-block-gallery-1 is-layout-flex wp-block-gallery-is-layout-flex\"><\/figure>\n\n\n\n<figure class=\"wp-block-gallery has-nested-images columns-default is-cropped wp-block-gallery-2 is-layout-flex wp-block-gallery-is-layout-flex\">\n<figure class=\"wp-block-image size-large\"><img loading=\"lazy\" decoding=\"async\" width=\"1024\" height=\"1024\" data-id=\"69\" src=\"http:\/\/elelfoenlaestanteria.com\/wp-content\/uploads\/2023\/10\/Con-el-Lado-Oscuro-no-se-Bromea-1024x1024.jpg\" alt=\"\" class=\"wp-image-69\" srcset=\"https:\/\/elelfodelanavidad.com\/wp-content\/uploads\/2023\/10\/Con-el-Lado-Oscuro-no-se-Bromea-1024x1024.jpg 1024w, https:\/\/elelfodelanavidad.com\/wp-content\/uploads\/2023\/10\/Con-el-Lado-Oscuro-no-se-Bromea-300x300.jpg 300w, https:\/\/elelfodelanavidad.com\/wp-content\/uploads\/2023\/10\/Con-el-Lado-Oscuro-no-se-Bromea-150x150.jpg 150w, https:\/\/elelfodelanavidad.com\/wp-content\/uploads\/2023\/10\/Con-el-Lado-Oscuro-no-se-Bromea-768x768.jpg 768w, https:\/\/elelfodelanavidad.com\/wp-content\/uploads\/2023\/10\/Con-el-Lado-Oscuro-no-se-Bromea-80x80.jpg 80w, https:\/\/elelfodelanavidad.com\/wp-content\/uploads\/2023\/10\/Con-el-Lado-Oscuro-no-se-Bromea.jpg 1080w\" sizes=\"auto, (max-width: 1024px) 100vw, 1024px\" \/><figcaption class=\"wp-element-caption\">El Lado Oscuro<\/figcaption><\/figure>\n\n\n\n<figure class=\"wp-block-image size-large\"><img loading=\"lazy\" decoding=\"async\" width=\"1024\" height=\"1024\" data-id=\"70\" src=\"http:\/\/elelfoenlaestanteria.com\/wp-content\/uploads\/2023\/10\/Carrera-de-Zapatos-1024x1024.jpg\" alt=\"\" class=\"wp-image-70\" srcset=\"https:\/\/elelfodelanavidad.com\/wp-content\/uploads\/2023\/10\/Carrera-de-Zapatos-1024x1024.jpg 1024w, https:\/\/elelfodelanavidad.com\/wp-content\/uploads\/2023\/10\/Carrera-de-Zapatos-300x300.jpg 300w, https:\/\/elelfodelanavidad.com\/wp-content\/uploads\/2023\/10\/Carrera-de-Zapatos-150x150.jpg 150w, https:\/\/elelfodelanavidad.com\/wp-content\/uploads\/2023\/10\/Carrera-de-Zapatos-768x768.jpg 768w, https:\/\/elelfodelanavidad.com\/wp-content\/uploads\/2023\/10\/Carrera-de-Zapatos-80x80.jpg 80w, https:\/\/elelfodelanavidad.com\/wp-content\/uploads\/2023\/10\/Carrera-de-Zapatos.jpg 1080w\" sizes=\"auto, (max-width: 1024px) 100vw, 1024px\" \/><figcaption class=\"wp-element-caption\">Velocidad<\/figcaption><\/figure>\n\n\n\n<figure class=\"wp-block-image size-large\"><img loading=\"lazy\" decoding=\"async\" width=\"1024\" height=\"1024\" data-id=\"71\" src=\"http:\/\/elelfoenlaestanteria.com\/wp-content\/uploads\/2023\/10\/umm-Chuches-1024x1024.jpg\" alt=\"\" class=\"wp-image-71\" srcset=\"https:\/\/elelfodelanavidad.com\/wp-content\/uploads\/2023\/10\/umm-Chuches-1024x1024.jpg 1024w, https:\/\/elelfodelanavidad.com\/wp-content\/uploads\/2023\/10\/umm-Chuches-300x300.jpg 300w, https:\/\/elelfodelanavidad.com\/wp-content\/uploads\/2023\/10\/umm-Chuches-150x150.jpg 150w, https:\/\/elelfodelanavidad.com\/wp-content\/uploads\/2023\/10\/umm-Chuches-768x768.jpg 768w, https:\/\/elelfodelanavidad.com\/wp-content\/uploads\/2023\/10\/umm-Chuches-80x80.jpg 80w, https:\/\/elelfodelanavidad.com\/wp-content\/uploads\/2023\/10\/umm-Chuches.jpg 1080w\" sizes=\"auto, (max-width: 1024px) 100vw, 1024px\" \/><figcaption class=\"wp-element-caption\">Chuches<\/figcaption><\/figure>\n\n\n\n<figure class=\"wp-block-image size-large\"><img loading=\"lazy\" decoding=\"async\" width=\"1024\" height=\"1024\" data-id=\"72\" src=\"http:\/\/elelfoenlaestanteria.com\/wp-content\/uploads\/2023\/10\/Me-voy-a-poner-Cachas-1024x1024.png\" alt=\"\" class=\"wp-image-72\" srcset=\"https:\/\/elelfodelanavidad.com\/wp-content\/uploads\/2023\/10\/Me-voy-a-poner-Cachas-1024x1024.png 1024w, https:\/\/elelfodelanavidad.com\/wp-content\/uploads\/2023\/10\/Me-voy-a-poner-Cachas-300x300.png 300w, https:\/\/elelfodelanavidad.com\/wp-content\/uploads\/2023\/10\/Me-voy-a-poner-Cachas-150x150.png 150w, https:\/\/elelfodelanavidad.com\/wp-content\/uploads\/2023\/10\/Me-voy-a-poner-Cachas-768x768.png 768w, https:\/\/elelfodelanavidad.com\/wp-content\/uploads\/2023\/10\/Me-voy-a-poner-Cachas-80x80.png 80w, https:\/\/elelfodelanavidad.com\/wp-content\/uploads\/2023\/10\/Me-voy-a-poner-Cachas.png 1080w\" sizes=\"auto, (max-width: 1024px) 100vw, 1024px\" \/><figcaption class=\"wp-element-caption\">En el GYM<\/figcaption><\/figure>\n<\/figure>\n","protected":false},"excerpt":{"rendered":"<p>El elfo de la Navidad se est\u00e1 convirtiendo en una nueva tradici\u00f3n navide\u00f1a popular en la que un elfo es adoptado por una familia y se coloca en diferentes lugares de la casa para observar el comportamiento de los ni\u00f1os&hellip; <\/p>\n","protected":false},"author":1,"featured_media":0,"parent":0,"menu_order":0,"comment_status":"closed","ping_status":"closed","template":"","meta":{"_monsterinsights_skip_tracking":false,"_monsterinsights_sitenote_active":false,"_monsterinsights_sitenote_note":"","_monsterinsights_sitenote_category":0,"footnotes":""},"class_list":["post-68","page","type-page","status-publish","hentry"],"_links":{"self":[{"href":"https:\/\/elelfodelanavidad.com\/index.php?rest_route=\/wp\/v2\/pages\/68","targetHints":{"allow":["GET"]}}],"collection":[{"href":"https:\/\/elelfodelanavidad.com\/index.php?rest_route=\/wp\/v2\/pages"}],"about":[{"href":"https:\/\/elelfodelanavidad.com\/index.php?rest_route=\/wp\/v2\/types\/page"}],"author":[{"embeddable":true,"href":"https:\/\/elelfodelanavidad.com\/index.php?rest_route=\/wp\/v2\/users\/1"}],"replies":[{"embeddable":true,"href":"https:\/\/elelfodelanavidad.com\/index.php?rest_route=%2Fwp%2Fv2%2Fcomments&post=68"}],"version-history":[{"count":7,"href":"https:\/\/elelfodelanavidad.com\/index.php?rest_route=\/wp\/v2\/pages\/68\/revisions"}],"predecessor-version":[{"id":247,"href":"https:\/\/elelfodelanavidad.com\/index.php?rest_route=\/wp\/v2\/pages\/68\/revisions\/247"}],"wp:attachment":[{"href":"https:\/\/elelfodelanavidad.com\/index.php?rest_route=%2Fwp%2Fv2%2Fmedia&parent=68"}],"curies":[{"name":"wp","href":"https:\/\/api.w.org\/{rel}","templated":true}]}}