{"id":98,"date":"2023-10-19T08:55:11","date_gmt":"2023-10-19T08:55:11","guid":{"rendered":"http:\/\/elelfoenlaestanteria.com\/?page_id=98"},"modified":"2025-09-24T09:17:27","modified_gmt":"2025-09-24T09:17:27","slug":"unete-al-club","status":"publish","type":"page","link":"https:\/\/elelfodelanavidad.com\/?page_id=98","title":{"rendered":"\u00danete al Club"},"content":{"rendered":"\n<p> Rellena nuestro formulario<\/p>\n\n\n\n<p>El formulario es dado de alta manualmente, no es autom\u00e1tico, recuerda en mirar bien si tu mail es correcto y no mand\u00e9is m\u00e1s de uno, en el momento que se reciba y verifique se os mandar\u00e1 un mail con las instrucciones, Gracias<\/p>\n\n\n\n<div class=\"wpcf7 no-js\" id=\"wpcf7-f128-o1\" lang=\"es-ES\" dir=\"ltr\" data-wpcf7-id=\"128\">\n<div class=\"screen-reader-response\"><p role=\"status\" aria-live=\"polite\" aria-atomic=\"true\"><\/p> <ul><\/ul><\/div>\n<form action=\"\/index.php?rest_route=%2Fwp%2Fv2%2Fpages%2F98#wpcf7-f128-o1\" method=\"post\" class=\"wpcf7-form init\" aria-label=\"Formulario de contacto\" novalidate=\"novalidate\" data-status=\"init\">\n<fieldset class=\"hidden-fields-container\"><input type=\"hidden\" name=\"_wpcf7\" value=\"128\" \/><input type=\"hidden\" name=\"_wpcf7_version\" value=\"6.1.3\" \/><input type=\"hidden\" name=\"_wpcf7_locale\" value=\"es_ES\" \/><input type=\"hidden\" name=\"_wpcf7_unit_tag\" value=\"wpcf7-f128-o1\" \/><input type=\"hidden\" name=\"_wpcf7_container_post\" value=\"0\" \/><input type=\"hidden\" name=\"_wpcf7_posted_data_hash\" value=\"\" \/>\n<\/fieldset>\n<p><label> Tu nombre<br \/>\n<span class=\"wpcf7-form-control-wrap\" data-name=\"your-name\"><input size=\"40\" maxlength=\"400\" class=\"wpcf7-form-control wpcf7-text wpcf7-validates-as-required\" autocomplete=\"name\" aria-required=\"true\" aria-invalid=\"false\" value=\"\" type=\"text\" name=\"your-name\" \/><\/span> <\/label>\n<\/p>\n<p><label> Tu correo electr\u00f3nico<br \/>\n<span class=\"wpcf7-form-control-wrap\" data-name=\"your-email\"><input size=\"40\" maxlength=\"400\" class=\"wpcf7-form-control wpcf7-email wpcf7-validates-as-required wpcf7-text wpcf7-validates-as-email\" autocomplete=\"email\" aria-required=\"true\" aria-invalid=\"false\" value=\"\" type=\"email\" name=\"your-email\" \/><\/span> <\/label>\n<\/p>\n<p><label> Selecciona el numero de serie que tiene tu elfo detr\u00e1s del c\u00f3digo QR <\/label>\n<\/p>\n<p><span class=\"wpcf7-form-control-wrap\" data-name=\"checkbox-405\"><span class=\"wpcf7-form-control wpcf7-checkbox wpcf7-validates-as-required wpcf7-exclusive-checkbox\"><span class=\"wpcf7-list-item first\"><label><input type=\"checkbox\" name=\"checkbox-405\" value=\"8520\" \/><span class=\"wpcf7-list-item-label\">8520<\/span><\/label><\/span><span class=\"wpcf7-list-item\"><label><input type=\"checkbox\" name=\"checkbox-405\" value=\"3571\" \/><span class=\"wpcf7-list-item-label\">3571<\/span><\/label><\/span><span class=\"wpcf7-list-item\"><label><input type=\"checkbox\" name=\"checkbox-405\" value=\"9514\" \/><span class=\"wpcf7-list-item-label\">9514<\/span><\/label><\/span><span class=\"wpcf7-list-item\"><label><input type=\"checkbox\" name=\"checkbox-405\" value=\"1110\" \/><span class=\"wpcf7-list-item-label\">1110<\/span><\/label><\/span><span class=\"wpcf7-list-item last\"><label><input type=\"checkbox\" name=\"checkbox-405\" value=\"5420\" \/><span class=\"wpcf7-list-item-label\">5420<\/span><\/label><\/span><\/span><\/span>\n<\/p>\n<p><label> Al enviar este formulario <\/label>\n<\/p>\n<p><span class=\"wpcf7-form-control-wrap\" data-name=\"acceptance-70\"><span class=\"wpcf7-form-control wpcf7-acceptance\"><span class=\"wpcf7-list-item\"><label><input type=\"checkbox\" name=\"acceptance-70\" value=\"1\" aria-invalid=\"false\" \/><span class=\"wpcf7-list-item-label\">Aceptas nuestra pol\u00edtica de privacidad<\/span><\/label><\/span><\/span><\/span>\n<\/p>\n<p><input class=\"wpcf7-form-control wpcf7-submit has-spinner\" type=\"submit\" value=\"Enviar\" \/>\n<\/p><div class=\"wpcf7-response-output\" aria-hidden=\"true\"><\/div>\n<\/form>\n<\/div>\n\n\n\n\n<p><\/p>\n\n\n\n<p>Si no puedes Rellenar el formulario.<\/p>\n\n\n\n<p>Para unirte al Club correctamente tendr\u00e1s que escribirnos a soy@elelfodelanavidad.com con los siguientes datos. Muy importante mandar todos los datos.<\/p>\n\n\n\n<p>1- Nombre y Apellido<\/p>\n\n\n\n<p>2- Correo con el que te quieres registrar.<\/p>\n\n\n\n<p>3- Indicar el n\u00famero de serie que lleva tu elfo detr\u00e1s arriba del c\u00f3digo QR<\/p>\n\n\n\n<p> te daremos de alta en la zona Premium, adem\u00e1s te enviaremos en formato word los documentos de adopci\u00f3n y la carta de presentaci\u00f3n.<\/p>\n\n\n\n<p>Es importante saber que al mandar el correo, autorizas a recoger tus datos en nuestra base de datos. Y consientes nuestra Pol\u00edtica de privacidad, estando de acuerdo con ella.<\/p>\n\n\n\n<p><\/p>\n\n\n\n<p><\/p>\n","protected":false},"excerpt":{"rendered":"<p>Rellena nuestro formulario El formulario es dado de alta manualmente, no es autom\u00e1tico, recuerda en mirar bien si tu mail es correcto y no mand\u00e9is m\u00e1s de uno, en el momento que se reciba y verifique se os mandar\u00e1 un&hellip; <\/p>\n","protected":false},"author":1,"featured_media":0,"parent":0,"menu_order":0,"comment_status":"closed","ping_status":"closed","template":"","meta":{"_monsterinsights_skip_tracking":false,"_monsterinsights_sitenote_active":false,"_monsterinsights_sitenote_note":"","_monsterinsights_sitenote_category":0,"footnotes":""},"class_list":["post-98","page","type-page","status-publish","hentry"],"_links":{"self":[{"href":"https:\/\/elelfodelanavidad.com\/index.php?rest_route=\/wp\/v2\/pages\/98","targetHints":{"allow":["GET"]}}],"collection":[{"href":"https:\/\/elelfodelanavidad.com\/index.php?rest_route=\/wp\/v2\/pages"}],"about":[{"href":"https:\/\/elelfodelanavidad.com\/index.php?rest_route=\/wp\/v2\/types\/page"}],"author":[{"embeddable":true,"href":"https:\/\/elelfodelanavidad.com\/index.php?rest_route=\/wp\/v2\/users\/1"}],"replies":[{"embeddable":true,"href":"https:\/\/elelfodelanavidad.com\/index.php?rest_route=%2Fwp%2Fv2%2Fcomments&post=98"}],"version-history":[{"count":9,"href":"https:\/\/elelfodelanavidad.com\/index.php?rest_route=\/wp\/v2\/pages\/98\/revisions"}],"predecessor-version":[{"id":248,"href":"https:\/\/elelfodelanavidad.com\/index.php?rest_route=\/wp\/v2\/pages\/98\/revisions\/248"}],"wp:attachment":[{"href":"https:\/\/elelfodelanavidad.com\/index.php?rest_route=%2Fwp%2Fv2%2Fmedia&parent=98"}],"curies":[{"name":"wp","href":"https:\/\/api.w.org\/{rel}","templated":true}]}}